{"id":19,"date":"2018-09-01T12:33:27","date_gmt":"2018-09-01T10:33:27","guid":{"rendered":"http:\/\/http:\/\/www.23oktobar.edu.rs\/?page_id=19"},"modified":"2026-01-20T16:33:28","modified_gmt":"2026-01-20T15:33:28","slug":"%d0%bf%d1%80%d0%b0%d0%b2%d0%b8%d0%bb%d0%bd%d0%b8%d1%86%d0%b8","status":"publish","type":"page","link":"https:\/\/www.23oktobar.edu.rs\/?page_id=19","title":{"rendered":"\u0428\u041a\u041e\u041b\u0421\u041a\u0410 \u0410\u041a\u0422\u0410"},"content":{"rendered":"\r\n<p>&nbsp;<\/p>\r\n<ul>\r\n<li><a href=\"https:\/\/www.23oktobar.edu.rs\/wp-content\/uploads\/2026\/01\/\u0417\u0410\u041f\u0418\u0421\u041d\u0418\u041a-\u041a\u041e\u041d\u0422\u0420\u041e\u041b\u041d\u0418-\u0423\u041a\u0418\u0414\u0410\u040a\u0415-\u0417\u0410\u0411\u0420\u0410\u041d\u0415-\u041a\u041e\u0420\u0418\u0428\u040a\u0415\u040b\u0410-08.01.2025.pdf\">\u0417\u0410\u041f\u0418\u0421\u041d\u0418\u041a \u041e \u0418\u041d\u0421\u041f\u0415\u041a\u0426\u0418\u0408\u0421\u041a\u041e\u041c \u041d\u0410\u0414\u0417\u041e\u0420\u0423 &#8211; \u0423\u041a\u0418\u0414\u0410\u040a\u0415 \u0417\u0410\u0411\u0420\u0410\u041d\u0415 \u041a\u041e\u0420\u0418\u0428\u040a\u0415\u040b\u0410 08.01.2026.<\/a><\/li>\r\n<li><a href=\"https:\/\/informator.poverenik.rs\/informator?org=gK6FC9bx4gzgxiMP8\">\u0418\u041d\u0424\u041e\u0420\u041c\u0410\u0422\u041e\u0420 \u041e \u0420\u0410\u0414\u0423 \u0428\u041a\u041e\u041b\u0415<\/a><\/li>\r\n<\/ul>\r\n<p>\u00a0 \u00a0 \u00a0 \u00a0 \u00a0 \u00a0 \u00a0 \u00a0 \u00a0 \u00a0 \u00a0 \u00a0&#8212;&#8212;&#8212;&#8212;&#8212;&#8212;&#8212;&#8212;&#8212;&#8212;&#8212;&#8212;&#8212;&#8212;&#8212;&#8212;&#8212;&#8212;&#8212;&#8212;&#8212;<\/p>\r\n<ul>\r\n<li><a href=\"https:\/\/www.23oktobar.edu.rs\/wp-content\/uploads\/2022\/10\/finansijskii-plan-2022.pdf\">\u0424\u0418\u041d\u0410\u041d\u0421\u0418\u0408\u0421\u041a\u0418 \u041f\u041b\u0410\u041d \u0417\u0410 2022. \u0413\u041e\u0414\u0418\u041d\u0423<\/a><\/li>\r\n<li><a href=\"https:\/\/www.23oktobar.edu.rs\/wp-content\/uploads\/2022\/10\/finansijski-plan-2022-2024.pdf\">\u0424\u0418\u041d\u0410\u041d\u0421\u0418\u0408\u0421\u041a\u0418 \u041f\u041b\u0410\u041d 2022-2024<\/a><\/li>\r\n<\/ul>\r\n<p>\u00a0\u00a0\u00a0\u00a0\u00a0\u00a0\u00a0\u00a0\u00a0\u00a0\u00a0\u00a0\u00a0\u00a0\u00a0\u00a0\u00a0\u00a0\u00a0\u00a0\u00a0 &#8212;&#8212;&#8212;&#8212;&#8212;&#8212;&#8212;&#8212;&#8212;&#8212;&#8212;&#8212;&#8212;&#8212;&#8212;&#8212;&#8212;&#8212;&#8212;&#8212;&#8212;&#8211;<\/p>\r\n<ul>\r\n<li><a href=\"https:\/\/www.23oktobar.edu.rs\/wp-content\/uploads\/2022\/01\/Skolski-program-2022-2026.pdf\">\u0428\u041a\u041e\u041b\u0421\u041a\u0418 \u041f\u0420\u041e\u0413\u0420\u0410\u041c \u0417\u0410 \u041f\u0415\u0420\u0418\u041e\u0414 2022-2026.<\/a><\/li>\r\n<\/ul>\r\n<ul>\r\n<li><a title=\"\u0428\u041a\u041e\u041b\u0421\u041a\u0418 \u0420\u0410\u0417\u0412\u041e\u0408\u041d\u0418 \u041f\u041b\u0410\u041d \u0417\u0410 \u041f\u0415\u0420\u0418\u041e\u0414  2022-2026.\" href=\"https:\/\/www.23oktobar.edu.rs\/wp-content\/uploads\/2022\/01\/Razvojni-plan-za-period-2022-26.-god..pdf\">\u0428\u041a\u041e\u041b\u0421\u041a\u0418 \u0420\u0410\u0417\u0412\u041e\u0408\u041d\u0418 \u041f\u041b\u0410\u041d \u0417\u0410 \u041f\u0415\u0420\u0418\u041e\u0414 2022-2026.<\/a><\/li>\r\n<\/ul>\r\n<p>&nbsp;<\/p>\r\n\r\n\r\n\r\n<p>&nbsp;<\/p>\r\n<hr \/>\r\n<ul>\r\n<li><a href=\"https:\/\/www.23oktobar.edu.rs\/wp-content\/uploads\/2025\/09\/\u0413\u041e\u0414\u0418\u0428\u040a\u0418-\u041f\u041b\u0410\u041d-\u0420\u0410\u0414\u0410-\u0428\u041a\u041e\u041b\u0415-\u0428\u041a\u041e\u041b\u0421\u041a\u0415-25-26.pdf\">\u0413\u041e\u0414\u0418\u0428\u040a\u0418 \u041f\u041b\u0410\u041d \u0420\u0410\u0414\u0410 \u0428\u041a\u041e\u041b\u0415 \u0417\u0410 \u0428\u041a\u041e\u041b\u0421\u041a\u0423 2025\/26. \u0413\u041e\u0414\u0418\u041d\u0423<\/a><\/li>\r\n<li><a href=\"https:\/\/www.23oktobar.edu.rs\/wp-content\/uploads\/2024\/09\/\u0413\u041e\u0414\u0418\u0428\u040a\u0418-\u041f\u041b\u0410\u041d-\u0420\u0410\u0414\u0410-\u0428\u041a\u041e\u041b\u0415-\u0428\u041a\u041e\u041b\u0421\u041a\u0415-24-25.pdf\">\u0413\u041e\u0414\u0418\u0428\u040a\u0418 \u041f\u041b\u0410\u041d \u0420\u0410\u0414\u0410 \u0428\u041a\u041e\u041b\u0415 \u0417\u0410 \u0428\u041a\u041e\u041b\u0421\u041a\u0423 2024\/2025. \u0413\u041e\u0414\u0418\u041d\u0423<\/a><\/li>\r\n<li><a href=\"https:\/\/www.23oktobar.edu.rs\/wp-content\/uploads\/2023\/10\/GODISNJI-PLAN-RADA-SKOLE-2023-2024.pdf\">\u0413\u041e\u0414\u0418\u0428\u040a\u0418 \u041f\u041b\u0410\u041d \u0420\u0410\u0414\u0410 \u0428\u041a\u041e\u041b\u0415 \u0417\u0410 \u0428\u041a\u041e\u041b\u0421\u041a\u0423 2023\/24. \u0413\u041e\u0414\u0418\u041d\u0423<\/a><\/li>\r\n<li><a href=\"https:\/\/www.23oktobar.edu.rs\/wp-content\/uploads\/2022\/10\/GODISNJI-PLAN-RADA-SKOLE-2022-2023.pdf\">\u0413\u041e\u0414\u0418\u0428\u040a\u0418 \u041f\u041b\u0410\u041d \u0420\u0410\u0414\u0410 \u0428\u041a\u041e\u041b\u0415 \u0417\u0410 \u0428\u041a\u041e\u041b\u0421\u041a\u0423 2022\/23. \u0413\u041e\u0414\u0418\u041d\u0423<\/a><\/li>\r\n<li><a href=\"https:\/\/www.23oktobar.edu.rs\/wp-content\/uploads\/2021\/09\/GODISNJI-PLAN-RADA-SKOLE-2021-2022.-1.pdf\">\u0413\u041e\u0414\u0418\u0428\u040a\u0418 \u041f\u041b\u0410\u041d \u0420\u0410\u0414\u0410 \u0428\u041a\u041e\u041b\u0415 \u0417\u0410 \u0428\u041a\u041e\u041b\u0421\u041a\u0423 2021\/22. \u0413\u041e\u0414\u0418\u041d\u0423<\/a><\/li>\r\n<li style=\"text-align: left;\"><a href=\"https:\/\/www.23oktobar.edu.rs\/wp-content\/uploads\/2021\/01\/GODISNJI-PLAN-RADA-SKOLE-2020-2021..pdf\">\u0413\u041e\u0414\u0418\u0428\u040a\u0418 \u041f\u041b\u0410\u041d \u0420\u0410\u0414\u0410 \u0428\u041a\u041e\u041b\u0415 \u0417\u0410 \u0428\u041a\u041e\u041b\u0421\u041a\u0423 2020\/21. \u0413\u041e\u0414\u0418\u041d\u0423<\/a><\/li>\r\n<li style=\"text-align: left;\"><a href=\"http:\/\/www.23oktobar.edu.rs\/wp-content\/uploads\/2019\/11\/Godisnji-plan-rada-skole-za-skolsku-2019-2020.-godinu-1-1.docx\">\u0413\u041e\u0414\u0418\u0428\u040a\u0418 \u041f\u041b\u0410\u041d \u0420\u0410\u0414\u0410 \u0428\u041a\u041e\u041b\u0415 \u0417\u0410 \u0428\u041a\u041e\u041b\u0421\u041a\u0423 2019\/20. \u0413\u041e\u0414\u0418\u041d\u0423<\/a><\/li>\r\n<li style=\"text-align: left;\"><a href=\"http:\/\/www.23oktobar.edu.rs\/wp-content\/uploads\/2019\/03\/Godi\u0161nji-plan-rada-\u0161kole-za-\u0161kolsku-2018-2019.-godinu.pdf\">\u0413\u041e\u0414\u0418\u0428\u040a\u0418 \u041f\u041b\u0410\u041d \u0420\u0410\u0414\u0410 \u0428\u041a\u041e\u041b\u0415 \u0417\u0410 \u0428\u041a\u041e\u041b\u0421\u041a\u0423 2018\/19. \u0413\u041e\u0414\u0418\u041d\u0423<\/a><\/li>\r\n<\/ul>\r\n<hr \/>\r\n<ul>\r\n<li style=\"text-align: left;\"><a href=\"http:\/\/www.23oktobar.edu.rs\/wp-content\/uploads\/2018\/11\/\u0421\u0442\u0430\u0442\u0443\u0442-\u0448\u043a\u043e\u043b\u0435-2018.pdf\">\u0421\u0422\u0410\u0422\u0423\u0422 \u0428\u041a\u041e\u041b\u0415<\/a><\/li>\r\n<li style=\"text-align: left;\"><a href=\"http:\/\/www.23oktobar.edu.rs\/wp-content\/uploads\/2018\/11\/pravila-ponasanja.pdf\">\u041f\u0420\u0410\u0412\u0418\u041b\u0410 \u041f\u041e\u041d\u0410\u0428\u0410\u040a\u0410 \u0423 \u0428\u041a\u041e\u041b\u0418<\/a><\/li>\r\n<li style=\"text-align: left;\"><a href=\"http:\/\/www.23oktobar.edu.rs\/wp-content\/uploads\/2018\/11\/Pravilnik-o-disciplinskoj-i-materijalnoj-odgovornosti-ucenika.pdf\">\u041f\u0420\u0410\u0412\u0418\u041b\u041d\u0418\u041a \u041e \u0414\u0418\u0421\u0426\u0418\u041f\u041b\u0418\u041d\u0421\u041a\u041e\u0408 \u0418 \u041c\u0410\u0422\u0415\u0420\u0418\u0408\u0410\u041b\u041d\u041e\u0408 \u041e\u0414\u0413\u041e\u0412\u041e\u0420\u041d\u041e\u0421\u0422\u0418 \u0423\u0427\u0415\u041d\u0418\u041a\u0410<\/a><\/li>\r\n<li style=\"text-align: left;\"><a href=\"http:\/\/www.23oktobar.edu.rs\/wp-content\/uploads\/2018\/11\/Pravilnik-o-disciplinskoj-i-materijalnoj-odgovornosti-zaposleni.pdf\">\u041f\u0420\u0410\u0412\u0418\u041b\u041d\u0418\u041a \u041e \u0414\u0418\u0421\u0426\u0418\u041f\u041b\u0418\u041d\u0421\u041a\u041e\u0408 \u0418 \u041c\u0410\u0422\u0415\u0420\u0418\u0408\u0410\u041b\u041d\u041e\u0408 \u041e\u0414\u0413\u041e\u0412\u041e\u0420\u041d\u041e\u0421\u0422\u0418 \u0417\u0410\u041f\u041e\u0421\u041b\u0415\u041d\u0418\u0425<\/a><br \/><hr \/><\/li>\r\n<li style=\"text-align: left;\"><a href=\"http:\/\/www.23oktobar.edu.rs\/wp-content\/uploads\/2018\/11\/sistematizacija.pdf\">\u041f\u0420\u0410\u0412\u0418\u041b\u041d\u0418\u041a \u041e \u041e\u0420\u0413\u0410\u041d\u0418\u0417\u0410\u0426\u0418\u0408\u0418 \u0418 \u0421\u0418\u0421\u0422\u0415\u041c\u0410\u0422\u0418\u0417\u0410\u0426\u0418\u0408\u0418 \u041f\u041e\u0421\u041b\u041e\u0412\u0410 \u041e\u0421\u041d\u041e\u0412\u041d\u0415 \u0428\u041a\u041e\u041b\u0415 &#8222;23. \u041e\u041a\u0422\u041e\u0411\u0410\u0420&#8220;\u00a0 &#8211; \u0458\u0443\u043d <\/a><a href=\"http:\/\/www.23oktobar.edu.rs\/wp-content\/uploads\/2018\/11\/sistematizacija.pdf\">2018.<\/a><\/li>\r\n<li style=\"text-align: left;\"><a href=\"https:\/\/www.23oktobar.edu.rs\/wp-content\/uploads\/2021\/01\/Izmene-i-dopune-pravilnika-o-organizaciji-i-sistematizaciji-poslova-2018.pdf\">\u0418\u0417\u041c\u0415\u041d\u0415 \u0418 \u0414\u041e\u041f\u0423\u041d\u0415 \u041f\u0420\u0410\u0412\u0418\u041b\u041d\u0418\u041a\u0410 \u041e \u041e\u0420\u0413\u0410\u041d\u0418\u0417\u0410\u0426\u0418\u0408\u0418 \u0418 \u0421\u0418\u0421\u0422\u0415\u041c\u0410\u0422\u0418\u0417\u0410\u0426\u0418\u0408\u0418 \u041f\u041e\u0421\u041b\u041e\u0412\u0410 \u041e\u0421\u041d\u041e\u0412\u041d\u0415 \u0428\u041a\u041e\u041b\u0415 &#8222;23. \u041e\u041a\u0422\u041e\u0411\u0410\u0420&#8220; &#8211; \u0430\u0432\u0433\u0443\u0441\u0442 2018.<\/a><\/li>\r\n<li style=\"text-align: left;\"><a href=\"https:\/\/www.23oktobar.edu.rs\/wp-content\/uploads\/2021\/01\/Izmene-sistematizacije-2.pdf\">\u041f\u0420\u0410\u0412\u0418\u041b\u041d\u0418\u041a \u041e \u0418\u0417\u041c\u0415\u041d\u0410\u041c\u0410 \u041f\u0420\u0410\u0412\u0418\u041b\u041d\u0418\u041a\u0410 \u041e \u041e\u0420\u0413\u0410\u041d\u0418\u0417\u0410\u0426\u0418\u0408\u0418 \u0418 \u0421\u0418\u0421\u0422\u0415\u041c\u0410\u0422\u0418\u0417\u0410\u0426\u0418\u0408\u0418 \u041f\u041e\u0421\u041b\u041e\u0412\u0410 \u041e\u0421\u041d\u041e\u0412\u041d\u0415 \u0428\u041a\u041e\u041b\u0415 &#8222;23. \u041e\u041a\u0422\u041e\u0411\u0410\u0420&#8220;\u00a0 &#8211; \u0441\u0435\u043f\u0442\u0435\u043c\u0431\u0430\u0440, \u043e\u043a\u0442\u043e\u0431\u0430\u0440 2020.<\/a><\/li>\r\n<li style=\"text-align: left;\"><a href=\"https:\/\/www.23oktobar.edu.rs\/wp-content\/uploads\/2021\/01\/Pravilnik-o-merama-nacinu-i-postupku-zastite-i-bezbednosti-ucenika.pdf\">\u041f\u0420\u0410\u0412\u0418\u041b\u041d\u0418\u041a \u041e \u041c\u0415\u0420\u0410\u041c\u0410, \u041d\u0410\u0427\u0418\u041d\u0423 \u0418 \u041f\u041e\u0421\u0422\u0423\u041f\u041a\u0423 \u0417\u0410\u0428\u0422\u0418\u0422\u0415 \u0418 \u0411\u0415\u0417\u0411\u0415\u0414\u041d\u041e\u0421\u0422\u0418 \u0423\u0427\u0415\u041d\u0418\u041a\u0410 \u0417\u0410 \u0412\u0420\u0415\u041c\u0415 \u0411\u041e\u0420\u0410\u0412\u041a\u0410 \u0423 \u0428\u041a\u041e\u041b\u0418 \u0418 \u0421\u0412\u0418\u0425 \u0410\u041a\u0422\u0418\u0412\u041d\u041e\u0421\u0422\u0418 \u041a\u041e\u0408\u0415 \u041e\u0420\u0413\u0410\u041d\u0418\u0417\u0423\u0408\u0415 \u041e\u0421\u041d\u041e\u0412\u041d\u0410 \u0428\u041a\u041e\u041b\u0410 &#8222;23. \u041e\u041a\u0422\u041e\u0411\u0410\u0420&#8220;<\/a><\/li>\r\n<li><a href=\"https:\/\/www.23oktobar.edu.rs\/wp-content\/uploads\/2020\/10\/pravilnik-izmene-nasilje-2020-1.pdf\" data-rich-text-format-boundary=\"true\">\u041f\u0420\u0410\u0412\u0418\u041b\u041d\u0418\u041a \u041e \u0418\u0417\u041c\u0415\u041d\u0410\u041c\u0410 \u0418 \u0414\u041e\u041f\u0423\u041d\u0410\u041c\u0410 \u041f\u0420\u0410\u0412\u0418\u041b\u041d\u0418\u041a\u0410 \u041e \u041f\u0420\u041e\u0422\u041e\u041a\u041e\u041b\u0423 \u041f\u041e\u0421\u0422\u0423\u041f\u0410\u040a\u0410 \u0423 \u0423\u0421\u0422\u0410\u041d\u041e\u0412\u0418 \u0423 \u041e\u0414\u0413\u041e\u0412\u041e\u0420\u0423 \u041d\u0410 \u041d\u0410\u0421\u0418\u0409\u0415, \u0417\u041b\u041e\u0421\u0422\u0410\u0412\u0409\u0410\u040a\u0415 \u0418 \u0417\u0410\u041d\u0415\u041c\u0410\u0420\u0418\u0412\u0410\u040a\u0415<\/a><\/li>\r\n<li><a href=\"https:\/\/www.23oktobar.edu.rs\/wp-content\/uploads\/2021\/09\/\u0418\u0437\u043c\u0435\u043d\u0430-\u0441\u0438\u0441\u0442\u0435\u043c\u0430\u0442\u0438\u0437\u0430\u0446\u0438\u0458\u0430.docx.pdf\">\u0418\u0417\u041c\u0415\u041d\u0415 \u0418 \u0414\u041e\u041f\u0423\u041d\u0415 \u041f\u0420\u0410\u0412\u0418\u041b\u041d\u0418\u041a\u0410 \u041e \u041e\u0420\u0413\u0410\u041d\u0418\u0417\u0410\u0426\u0418\u0408\u0418 \u0418 \u0421\u0418\u0421\u0422\u0415\u041c\u0410\u0422\u0418\u0417\u0410\u0426\u0418\u0408\u0418 \u041f\u041e\u0421\u041b\u041e\u0412\u0410 \u041e\u0421\u041d\u041e\u0412\u041d\u0415 \u0428\u041a\u041e\u041b\u0415 &#8222;23. \u041e\u041a\u0422\u041e\u0411\u0410\u0420&#8220; &#8211; \u0441\u0435\u043f\u0442\u0435\u043c\u0431\u0430\u0440 2021.<\/a><br \/><hr \/><\/li>\r\n<li><a href=\"https:\/\/www.23oktobar.edu.rs\/wp-content\/uploads\/2021\/09\/Godisnji-izvestaj-TZS-2020-2021..pdf\">\u0413\u041e\u0414\u0418\u0428\u040a\u0418 \u0418\u0417\u0412\u0415\u0428\u0422\u0410\u0408 \u0422\u0418\u041c\u0410 \u0417\u0410 \u0421\u0410\u041c\u041e\u0412\u0420\u0415\u0414\u041d\u041e\u0412\u0410\u040a\u0415 \u0417\u0410 \u0428\u041a\u041e\u041b\u0421\u041a\u0423 2020\/2021. \u0413\u041e\u0414\u0418\u041d\u0423<\/a><\/li>\r\n<li><a href=\"https:\/\/www.23oktobar.edu.rs\/wp-content\/uploads\/2024\/09\/\u0413\u043e\u0434\u0438\u0448\u045a\u0438-\u0438\u0437\u0432\u0435\u0448\u0442\u0430\u0458-\u0441\u0430\u043c\u043e\u0432\u0440\u0435\u0434\u043d\u043e\u0432\u0430\u045a\u0435.pdf\">\u0413\u041e\u0414\u0418\u0428\u040a\u0418 \u0418\u0417\u0412\u0415\u0428\u0422\u0410\u0408 \u0422\u0418\u041c\u0410 \u0417\u0410 \u0421\u0410\u041c\u041e\u0412\u0420\u0415\u0414\u041d\u041e\u0412\u0410\u040a\u0415 \u0417\u0410 \u0428\u041a\u041e\u041b\u0421\u041a\u0423 2023\/2024. \u0413\u041e\u0414\u0418\u041d\u0423<\/a><\/li>\r\n<\/ul>\r\n<p>&nbsp;<\/p>\r\n<ul>\r\n<li><a href=\"https:\/\/www.23oktobar.edu.rs\/wp-content\/uploads\/2021\/09\/\u0418\u0437\u0432\u0435\u0448\u0442\u0430\u0458-\u0413\u043e\u0434\u0438\u0448\u045a\u0435\u0433-\u043f\u043b\u0430\u043d\u0430-\u0440\u0430\u0434\u0430-2020-21.pdf\">\u0418\u0417\u0412\u0415\u0428\u0422\u0410\u0408 \u041e \u0420\u0415\u0410\u041b\u0418\u0417\u0410\u0426\u0418\u0408\u0418 \u0413\u041e\u0414\u0418\u0428\u040a\u0415\u0413 \u041f\u041b\u0410\u041d\u0410 \u0420\u0410\u0414\u0410 \u0417\u0410 \u0428\u041a\u041e\u041b\u0421\u041a\u0423 2020\/2021. \u0413\u041e\u0414\u0418\u041d\u0423<\/a><\/li>\r\n<li><a href=\"https:\/\/www.23oktobar.edu.rs\/wp-content\/uploads\/2023\/10\/\u0413\u043e\u0434\u0438\u0448\u045a\u0438-\u0438\u0437\u0432\u0435\u0448\u0442\u0430\u0458-22-23.pdf\">\u0413\u041e\u0414\u0418\u0428\u040a\u0418 \u0418\u0417\u0412\u0415\u0428\u0422\u0410\u0408 \u041e \u0420\u0410\u0414\u0423 \u0428\u041a\u041e\u041b\u0415 \u0417\u0410\u00a0 \u0428\u041a\u041e\u041b\u0421\u041a\u0423 2022\/2023. \u0413\u041e\u0414\u0418\u041d\u0423<\/a><\/li>\r\n<li><a href=\"https:\/\/www.23oktobar.edu.rs\/wp-content\/uploads\/2024\/09\/\u0413\u043e\u0434\u0438\u0448\u045a\u0438-\u0438\u0437\u0432\u0435\u0448\u0442\u0430\u0458-\u0437\u0430-\u0448\u043a\u043e\u043b\u0441\u043a\u0443-2023_24.\u0433\u043e\u0434\u0438\u043d\u0443.pdf\">\u0413\u041e\u0414\u0418\u0428\u040a\u0418 \u0418\u0417\u0412\u0415\u0428\u0422\u0410\u0408 \u041e \u0420\u0410\u0414\u0423 \u0428\u041a\u041e\u041b\u0415 \u0417\u0410 \u0428\u041a\u041e\u041b\u0421\u041a\u0423 2023\/2024. \u0413\u041e\u0414\u0418\u041d\u0423<\/a><\/li>\r\n<li><a href=\"https:\/\/www.23oktobar.edu.rs\/wp-content\/uploads\/2025\/09\/\u0413\u041e\u0414\u0418\u0428\u040a\u0418-\u0418\u0417\u0412\u0415\u0428\u0422\u0410\u0408-\u041e-\u0420\u0410\u0414\u0423-\u0428\u041a\u041e\u041b\u0415-\u0417\u0410-\u0428\u041a\u041e\u041b\u0421\u041a\u0423-2024-25.\u0413\u041e\u0414\u0418\u041d\u0423.pdf\">\u0413\u041e\u0414\u0418\u0428\u040a\u0418 \u0418\u0417\u0412\u0415\u0428\u0422\u0410\u0408 \u041e \u0420\u0410\u0414\u0423 \u0428\u041a\u041e\u041b\u0415 \u0417\u0410 \u0428\u041a\u041e\u041b\u0421\u041a\u0423 2024\/25. \u0413\u041e\u0414\u0418\u041d\u0423<\/a><br \/><hr \/><\/li>\r\n<li><a href=\"https:\/\/www.23oktobar.edu.rs\/wp-content\/uploads\/2021\/09\/ANEKS-4-SKOLSKOG-PROGRAMA-2021-2022..pdf\">\u0410\u041d\u0415\u041a\u0421 4 \u0428\u041a\u041e\u041b\u0421\u041a\u041e\u0413 \u041f\u0420\u041e\u0413\u0420\u0410\u041c\u0410 \u0417\u0410 \u0428\u041a\u041e\u041b\u0421\u041a\u0423 2021\/2022. \u0413\u041e\u0414\u0418\u041d\u0423<\/a><\/li>\r\n<li><a href=\"https:\/\/www.23oktobar.edu.rs\/wp-content\/uploads\/2024\/09\/\u0410\u041d\u0415\u041a\u0421-4.-\u0428\u041a\u041e\u041b\u0421\u041a\u041e\u0413-\u041f\u0420\u041e\u0413\u0420\u0410\u041c\u0410-24-25..pdf\">\u0410\u041d\u0415\u041a\u0421 4 \u0428\u041a\u041e\u041b\u0421\u041a\u041e\u0413 \u041f\u0420\u041e\u0413\u0420\u0410\u041c\u0410 \u0417\u0410 \u0428\u041a\u041e\u041b\u0421\u041a\u0423 2024\/2025. \u0413\u041e\u0414\u0418\u041d\u0423<\/a><\/li>\r\n<\/ul>\r\n<p>&nbsp;<\/p>\r\n<p>&nbsp;<\/p>\r\n<hr \/>\r\n<p>&nbsp;<\/p>","protected":false},"excerpt":{"rendered":"<p>&nbsp; \u0417\u0410\u041f\u0418\u0421\u041d\u0418\u041a \u041e \u0418\u041d\u0421\u041f\u0415\u041a\u0426\u0418\u0408\u0421\u041a\u041e\u041c \u041d\u0410\u0414\u0417\u041e\u0420\u0423 &#8211; \u0423\u041a\u0418\u0414\u0410\u040a\u0415 \u0417\u0410\u0411\u0420\u0410\u041d\u0415 \u041a\u041e\u0420\u0418\u0428\u040a\u0415\u040b\u0410 08.01.2026. \u0418\u041d\u0424\u041e\u0420\u041c\u0410\u0422\u041e\u0420 \u041e \u0420\u0410\u0414\u0423 \u0428\u041a\u041e\u041b\u0415 \u00a0 \u00a0 \u00a0 \u00a0 \u00a0 \u00a0 \u00a0 \u00a0 \u00a0 \u00a0 \u00a0 \u00a0&#8212;&#8212;&#8212;&#8212;&#8212;&#8212;&#8212;&#8212;&#8212;&#8212;&#8212;&#8212;&#8212;&#8212;&#8212;&#8212;&#8212;&#8212;&#8212;&#8212;&#8212; \u0424\u0418\u041d\u0410\u041d\u0421\u0418\u0408\u0421\u041a\u0418 \u041f\u041b\u0410\u041d \u0417\u0410 2022. \u0413\u041e\u0414\u0418\u041d\u0423 \u0424\u0418\u041d\u0410\u041d\u0421\u0418\u0408\u0421\u041a\u0418 \u041f\u041b\u0410\u041d 2022-2024 \u00a0\u00a0\u00a0\u00a0\u00a0\u00a0\u00a0\u00a0\u00a0\u00a0\u00a0\u00a0\u00a0\u00a0\u00a0\u00a0\u00a0\u00a0\u00a0\u00a0\u00a0 &#8212;&#8212;&#8212;&#8212;&#8212;&#8212;&#8212;&#8212;&#8212;&#8212;&#8212;&#8212;&#8212;&#8212;&#8212;&#8212;&#8212;&#8212;&#8212;&#8212;&#8212;&#8211; \u0428\u041a\u041e\u041b\u0421\u041a\u0418 \u041f\u0420\u041e\u0413\u0420\u0410\u041c \u0417\u0410 \u041f\u0415\u0420\u0418\u041e\u0414 2022-2026. \u0428\u041a\u041e\u041b\u0421\u041a\u0418 \u0420\u0410\u0417\u0412\u041e\u0408\u041d\u0418 \u041f\u041b\u0410\u041d \u0417\u0410 \u041f\u0415\u0420\u0418\u041e\u0414 2022-2026. &nbsp; &nbsp; \u0413\u041e\u0414\u0418\u0428\u040a\u0418 \u041f\u041b\u0410\u041d \u0420\u0410\u0414\u0410 \u0428\u041a\u041e\u041b\u0415 \u0417\u0410 \u0428\u041a\u041e\u041b\u0421\u041a\u0423&hellip;<\/p>\n","protected":false},"author":1,"featured_media":0,"parent":0,"menu_order":0,"comment_status":"closed","ping_status":"closed","template":"","meta":[],"aioseo_notices":[],"uagb_featured_image_src":{"full":false,"thumbnail":false,"medium":false,"medium_large":false,"large":false,"UGML_gallery_admin_thumb":false,"UGML_gallery_admin_circle":false,"1536x1536":false,"2048x2048":false,"post-thumbnail":false},"uagb_author_info":{"display_name":"\u0428\u043a\u043e\u043b\u0430","author_link":"https:\/\/www.23oktobar.edu.rs\/?author=1"},"uagb_comment_info":0,"uagb_excerpt":"&nbsp; \u0417\u0410\u041f\u0418\u0421\u041d\u0418\u041a \u041e \u0418\u041d\u0421\u041f\u0415\u041a\u0426\u0418\u0408\u0421\u041a\u041e\u041c \u041d\u0410\u0414\u0417\u041e\u0420\u0423 &#8211; \u0423\u041a\u0418\u0414\u0410\u040a\u0415 \u0417\u0410\u0411\u0420\u0410\u041d\u0415 \u041a\u041e\u0420\u0418\u0428\u040a\u0415\u040b\u0410 08.01.2026. \u0418\u041d\u0424\u041e\u0420\u041c\u0410\u0422\u041e\u0420 \u041e \u0420\u0410\u0414\u0423 \u0428\u041a\u041e\u041b\u0415 \u00a0 \u00a0 \u00a0 \u00a0 \u00a0 \u00a0 \u00a0 \u00a0 \u00a0 \u00a0 \u00a0 \u00a0&#8212;&#8212;&#8212;&#8212;&#8212;&#8212;&#8212;&#8212;&#8212;&#8212;&#8212;&#8212;&#8212;&#8212;&#8212;&#8212;&#8212;&#8212;&#8212;&#8212;&#8212; \u0424\u0418\u041d\u0410\u041d\u0421\u0418\u0408\u0421\u041a\u0418 \u041f\u041b\u0410\u041d \u0417\u0410 2022. \u0413\u041e\u0414\u0418\u041d\u0423 \u0424\u0418\u041d\u0410\u041d\u0421\u0418\u0408\u0421\u041a\u0418 \u041f\u041b\u0410\u041d 2022-2024 \u00a0\u00a0\u00a0\u00a0\u00a0\u00a0\u00a0\u00a0\u00a0\u00a0\u00a0\u00a0\u00a0\u00a0\u00a0\u00a0\u00a0\u00a0\u00a0\u00a0\u00a0 &#8212;&#8212;&#8212;&#8212;&#8212;&#8212;&#8212;&#8212;&#8212;&#8212;&#8212;&#8212;&#8212;&#8212;&#8212;&#8212;&#8212;&#8212;&#8212;&#8212;&#8212;&#8211; \u0428\u041a\u041e\u041b\u0421\u041a\u0418 \u041f\u0420\u041e\u0413\u0420\u0410\u041c \u0417\u0410 \u041f\u0415\u0420\u0418\u041e\u0414 2022-2026. \u0428\u041a\u041e\u041b\u0421\u041a\u0418 \u0420\u0410\u0417\u0412\u041e\u0408\u041d\u0418 \u041f\u041b\u0410\u041d \u0417\u0410 \u041f\u0415\u0420\u0418\u041e\u0414 2022-2026. &nbsp; &nbsp; \u0413\u041e\u0414\u0418\u0428\u040a\u0418 \u041f\u041b\u0410\u041d \u0420\u0410\u0414\u0410 \u0428\u041a\u041e\u041b\u0415 \u0417\u0410 \u0428\u041a\u041e\u041b\u0421\u041a\u0423&hellip;","_links":{"self":[{"href":"https:\/\/www.23oktobar.edu.rs\/index.php?rest_route=\/wp\/v2\/pages\/19"}],"collection":[{"href":"https:\/\/www.23oktobar.edu.rs\/index.php?rest_route=\/wp\/v2\/pages"}],"about":[{"href":"https:\/\/www.23oktobar.edu.rs\/index.php?rest_route=\/wp\/v2\/types\/page"}],"author":[{"embeddable":true,"href":"https:\/\/www.23oktobar.edu.rs\/index.php?rest_route=\/wp\/v2\/users\/1"}],"replies":[{"embeddable":true,"href":"https:\/\/www.23oktobar.edu.rs\/index.php?rest_route=%2Fwp%2Fv2%2Fcomments&post=19"}],"version-history":[{"count":65,"href":"https:\/\/www.23oktobar.edu.rs\/index.php?rest_route=\/wp\/v2\/pages\/19\/revisions"}],"predecessor-version":[{"id":14992,"href":"https:\/\/www.23oktobar.edu.rs\/index.php?rest_route=\/wp\/v2\/pages\/19\/revisions\/14992"}],"wp:attachment":[{"href":"https:\/\/www.23oktobar.edu.rs\/index.php?rest_route=%2Fwp%2Fv2%2Fmedia&parent=19"}],"curies":[{"name":"wp","href":"https:\/\/api.w.org\/{rel}","templated":true}]}}